{"id":320,"date":"2022-07-30T21:24:39","date_gmt":"2022-07-31T00:24:39","guid":{"rendered":"https:\/\/materlandia.mg.leg.br\/?page_id=320"},"modified":"2022-08-01T13:10:00","modified_gmt":"2022-08-01T16:10:00","slug":"noticias","status":"publish","type":"page","link":"https:\/\/materlandia.mg.leg.br\/index.php\/noticias\/","title":{"rendered":"NOT\u00cdCIAS"},"content":{"rendered":"\n<div class=\"wp-block-columns alignwide are-vertically-aligned-center is-layout-flex wp-container-core-columns-is-layout-9d6595d7 wp-block-columns-is-layout-flex\">\n<div class=\"wp-block-column is-vertically-aligned-center is-layout-flow wp-block-column-is-layout-flow\" style=\"flex-basis:66.66%\"><ul class=\"wp-block-latest-posts__list is-grid columns-3 has-dates has-author aligncenter wp-block-latest-posts\"><li><a class=\"wp-block-latest-posts__post-title\" href=\"https:\/\/materlandia.mg.leg.br\/index.php\/2026\/04\/18\/aviso-de-dispensa-de-licitacao\/\">Aviso de dispensa de Licita\u00e7\u00e3o 01\/2026 | Resultado<\/a><div class=\"wp-block-latest-posts__post-author\">por C\u00e2mara<\/div><time datetime=\"2026-04-18T07:52:00-03:00\" class=\"wp-block-latest-posts__post-date\">abril 18, 2026<\/time><div class=\"wp-block-latest-posts__post-excerpt\">Processo administrativo N\u00ba 01\/2026 Preg\u00e3o presencial N\u00ba 01\/2026 MATERL\u00c2NDIA \u2013 MG | A C\u00e2mara Municipal de\u2026 <a class=\"wp-block-latest-posts__read-more\" href=\"https:\/\/materlandia.mg.leg.br\/index.php\/2026\/04\/18\/aviso-de-dispensa-de-licitacao\/\" rel=\"noopener noreferrer\">Leia mais<span class=\"screen-reader-text\">: Aviso de dispensa de Licita\u00e7\u00e3o 01\/2026 | Resultado<\/span><\/a><\/div><\/li>\n<li><a class=\"wp-block-latest-posts__post-title\" href=\"https:\/\/materlandia.mg.leg.br\/index.php\/2026\/04\/11\/camara-de-materlandia-abre-processo-para-aquisicao-de-materiais-de-escritorio-para-2026\/\">C\u00e2mara de Materl\u00e2ndia abre processo para aquisi\u00e7\u00e3o de materiais de escrit\u00f3rio para 2026<\/a><div class=\"wp-block-latest-posts__post-author\">por C\u00e2mara<\/div><time datetime=\"2026-04-11T14:02:00-03:00\" class=\"wp-block-latest-posts__post-date\">abril 11, 2026<\/time><div class=\"wp-block-latest-posts__post-excerpt\">A C\u00e2mara Municipal de Materl\u00e2ndia tornou p\u00fablico o Aviso de Dispensa de Licita\u00e7\u00e3o n\u00ba 01\/2026, visando\u2026 <a class=\"wp-block-latest-posts__read-more\" href=\"https:\/\/materlandia.mg.leg.br\/index.php\/2026\/04\/11\/camara-de-materlandia-abre-processo-para-aquisicao-de-materiais-de-escritorio-para-2026\/\" rel=\"noopener noreferrer\">Leia mais<span class=\"screen-reader-text\">: C\u00e2mara de Materl\u00e2ndia abre processo para aquisi\u00e7\u00e3o de materiais de escrit\u00f3rio para 2026<\/span><\/a><\/div><\/li>\n<li><a class=\"wp-block-latest-posts__post-title\" href=\"https:\/\/materlandia.mg.leg.br\/index.php\/2026\/03\/18\/pesquisa-de-preco\/\">PESQUISA DE PRE\u00c7O<\/a><div class=\"wp-block-latest-posts__post-author\">por C\u00e2mara<\/div><time datetime=\"2026-03-18T17:01:00-03:00\" class=\"wp-block-latest-posts__post-date\">mar\u00e7o 18, 2026<\/time><div class=\"wp-block-latest-posts__post-excerpt\">C\u00c2MARA MUNICIPAL DE MATERL\u00c2NDIA \u2013 MG SOLICITA\u00c7\u00c3O DE PESQUISA DE PRE\u00c7OS N\u00ba ___\/2026 A C\u00e2mara Municipal\u2026 <a class=\"wp-block-latest-posts__read-more\" href=\"https:\/\/materlandia.mg.leg.br\/index.php\/2026\/03\/18\/pesquisa-de-preco\/\" rel=\"noopener noreferrer\">Leia mais<span class=\"screen-reader-text\">: PESQUISA DE PRE\u00c7O<\/span><\/a><\/div><\/li>\n<li><a class=\"wp-block-latest-posts__post-title\" href=\"https:\/\/materlandia.mg.leg.br\/index.php\/2025\/12\/04\/camara-municipal-de-materlandia-retifica-cronograma-de-dispensa-de-licitacao\/\">C\u00e2mara Municipal de Materl\u00e2ndia Retifica Cronograma de Dispensa de Licita\u00e7\u00e3o<\/a><div class=\"wp-block-latest-posts__post-author\">por C\u00e2mara<\/div><time datetime=\"2025-12-04T21:17:38-03:00\" class=\"wp-block-latest-posts__post-date\">dezembro 4, 2025<\/time><div class=\"wp-block-latest-posts__post-excerpt\">MATERL\u00c2NDIA, MG \u2013 O Presidente da C\u00e2mara Municipal de Materl\u00e2ndia publicou uma retifica\u00e7\u00e3o oficial ao edital\u2026 <a class=\"wp-block-latest-posts__read-more\" href=\"https:\/\/materlandia.mg.leg.br\/index.php\/2025\/12\/04\/camara-municipal-de-materlandia-retifica-cronograma-de-dispensa-de-licitacao\/\" rel=\"noopener noreferrer\">Leia mais<span class=\"screen-reader-text\">: C\u00e2mara Municipal de Materl\u00e2ndia Retifica Cronograma de Dispensa de Licita\u00e7\u00e3o<\/span><\/a><\/div><\/li>\n<li><a class=\"wp-block-latest-posts__post-title\" href=\"https:\/\/materlandia.mg.leg.br\/index.php\/2025\/12\/02\/camara-municipal-de-materlandia-inicia-processo-de-dispensa-de-licitacao-para-manutencao-de-seguranca-no-15-2025\/\">C\u00e2mara Municipal de Materl\u00e2ndia Inicia Processo de Dispensa de Licita\u00e7\u00e3o para Manuten\u00e7\u00e3o de Seguran\u00e7a N\u00ba 15\/2025<\/a><div class=\"wp-block-latest-posts__post-author\">por C\u00e2mara<\/div><time datetime=\"2025-12-02T15:55:07-03:00\" class=\"wp-block-latest-posts__post-date\">dezembro 2, 2025<\/time><div class=\"wp-block-latest-posts__post-excerpt\">MATERL\u00c2NDIA, MG \u2013 A C\u00e2mara Municipal de Materl\u00e2ndia tornou p\u00fablico o aviso de Dispensa de Licita\u00e7\u00e3o\u2026 <a class=\"wp-block-latest-posts__read-more\" href=\"https:\/\/materlandia.mg.leg.br\/index.php\/2025\/12\/02\/camara-municipal-de-materlandia-inicia-processo-de-dispensa-de-licitacao-para-manutencao-de-seguranca-no-15-2025\/\" rel=\"noopener noreferrer\">Leia mais<span class=\"screen-reader-text\">: C\u00e2mara Municipal de Materl\u00e2ndia Inicia Processo de Dispensa de Licita\u00e7\u00e3o para Manuten\u00e7\u00e3o de Seguran\u00e7a N\u00ba 15\/2025<\/span><\/a><\/div><\/li>\n<li><a class=\"wp-block-latest-posts__post-title\" href=\"https:\/\/materlandia.mg.leg.br\/index.php\/2025\/10\/20\/camara-municipal-de-materlandia-abre-processo-para-manutencao-e-pequenos-reparos-na-sede\/\">C\u00e2mara Municipal de Materl\u00e2ndia abre processo para manuten\u00e7\u00e3o e pequenos reparos na sede<\/a><div class=\"wp-block-latest-posts__post-author\">por C\u00e2mara<\/div><time datetime=\"2025-10-20T13:52:44-03:00\" class=\"wp-block-latest-posts__post-date\">outubro 20, 2025<\/time><div class=\"wp-block-latest-posts__post-excerpt\">Materl\u00e2ndia, 20 de outubro de 2025 \u2014 A C\u00e2mara Municipal de Materl\u00e2ndia anunciou a abertura do\u2026 <a class=\"wp-block-latest-posts__read-more\" href=\"https:\/\/materlandia.mg.leg.br\/index.php\/2025\/10\/20\/camara-municipal-de-materlandia-abre-processo-para-manutencao-e-pequenos-reparos-na-sede\/\" rel=\"noopener noreferrer\">Leia mais<span class=\"screen-reader-text\">: C\u00e2mara Municipal de Materl\u00e2ndia abre processo para manuten\u00e7\u00e3o e pequenos reparos na sede<\/span><\/a><\/div><\/li>\n<li><a class=\"wp-block-latest-posts__post-title\" href=\"https:\/\/materlandia.mg.leg.br\/index.php\/2025\/10\/14\/audiencia-publica-2025\/\">Audi\u00eancia P\u00fablica 2025<\/a><div class=\"wp-block-latest-posts__post-author\">por C\u00e2mara<\/div><time datetime=\"2025-10-14T13:49:51-03:00\" class=\"wp-block-latest-posts__post-date\">outubro 14, 2025<\/time><div class=\"wp-block-latest-posts__post-excerpt\">\ud83d\udcc5 20\/10 (Segunda-feira), \u00e0s 14h\ud83d\udccd Plen\u00e1rio da C\u00e2mara Municipal de Materl\u00e2ndia Tema: Lei de Responsabilidade Fiscal\u2026 <a class=\"wp-block-latest-posts__read-more\" href=\"https:\/\/materlandia.mg.leg.br\/index.php\/2025\/10\/14\/audiencia-publica-2025\/\" rel=\"noopener noreferrer\">Leia mais<span class=\"screen-reader-text\">: Audi\u00eancia P\u00fablica 2025<\/span><\/a><\/div><\/li>\n<li><a class=\"wp-block-latest-posts__post-title\" href=\"https:\/\/materlandia.mg.leg.br\/index.php\/2025\/10\/07\/aviso-de-dispensa-de-licitacao-com-base-no-art-75-inciso-ii-da-lei-no-14-133-2021\/\">AVISO DE DISPENSA DE LICITA\u00c7\u00c3O COM BASE NO ART. 75, INCISO II DA LEI N\u00ba 14.133\/2021<\/a><div class=\"wp-block-latest-posts__post-author\">por C\u00e2mara<\/div><time datetime=\"2025-10-07T16:00:00-03:00\" class=\"wp-block-latest-posts__post-date\">outubro 7, 2025<\/time><div class=\"wp-block-latest-posts__post-excerpt\">PROCESSO ADMINISTRATIVO N\u00ba 12\/2025 A C\u00e2mara Municipal de Materl\u00e2ndia, em conformidade com inciso II e \u00a73\u00ba\u2026 <a class=\"wp-block-latest-posts__read-more\" href=\"https:\/\/materlandia.mg.leg.br\/index.php\/2025\/10\/07\/aviso-de-dispensa-de-licitacao-com-base-no-art-75-inciso-ii-da-lei-no-14-133-2021\/\" rel=\"noopener noreferrer\">Leia mais<span class=\"screen-reader-text\">: AVISO DE DISPENSA DE LICITA\u00c7\u00c3O COM BASE NO ART. 75, INCISO II DA LEI N\u00ba 14.133\/2021<\/span><\/a><\/div><\/li>\n<li><a class=\"wp-block-latest-posts__post-title\" href=\"https:\/\/materlandia.mg.leg.br\/index.php\/2025\/08\/21\/camara-de-materlandia-protocola-requerimentos-e-cobra-prefeitura-sobre-direitos-de-servidores-educacao-e-transparencia\/\">C\u00e2mara de Materl\u00e2ndia protocola requerimentos e cobra Prefeitura sobre direitos de servidores, educa\u00e7\u00e3o e transpar\u00eancia<\/a><div class=\"wp-block-latest-posts__post-author\">por codesdevs<\/div><time datetime=\"2025-08-21T13:37:05-03:00\" class=\"wp-block-latest-posts__post-date\">agosto 21, 2025<\/time><div class=\"wp-block-latest-posts__post-excerpt\">A Mesa Diretora da C\u00e2mara Municipal de Materl\u00e2ndia encaminhou uma s\u00e9rie de requerimentos ao Prefeito Marques\u2026 <a class=\"wp-block-latest-posts__read-more\" href=\"https:\/\/materlandia.mg.leg.br\/index.php\/2025\/08\/21\/camara-de-materlandia-protocola-requerimentos-e-cobra-prefeitura-sobre-direitos-de-servidores-educacao-e-transparencia\/\" rel=\"noopener noreferrer\">Leia mais<span class=\"screen-reader-text\">: C\u00e2mara de Materl\u00e2ndia protocola requerimentos e cobra Prefeitura sobre direitos de servidores, educa\u00e7\u00e3o e transpar\u00eancia<\/span><\/a><\/div><\/li>\n<li><a class=\"wp-block-latest-posts__post-title\" href=\"https:\/\/materlandia.mg.leg.br\/index.php\/2025\/08\/07\/dispensa-de-licitacao-07-2025\/\">DISPENSA DE LICITA\u00c7\u00c3O 07\/2025<\/a><div class=\"wp-block-latest-posts__post-author\">por codesdevs<\/div><time datetime=\"2025-08-07T12:57:00-03:00\" class=\"wp-block-latest-posts__post-date\">agosto 7, 2025<\/time><div class=\"wp-block-latest-posts__post-excerpt\">Processo Administrativo N\u00ba 07\/2025 Objeto: Contrata\u00e7\u00e3o de empresa para emiss\u00e3o de 01 Certificado Digital modelo A1\u2026 <a class=\"wp-block-latest-posts__read-more\" href=\"https:\/\/materlandia.mg.leg.br\/index.php\/2025\/08\/07\/dispensa-de-licitacao-07-2025\/\" rel=\"noopener noreferrer\">Leia mais<span class=\"screen-reader-text\">: DISPENSA DE LICITA\u00c7\u00c3O 07\/2025<\/span><\/a><\/div><\/li>\n<li><a class=\"wp-block-latest-posts__post-title\" href=\"https:\/\/materlandia.mg.leg.br\/index.php\/2025\/08\/04\/camara-municipal-de-materlandia-realiza-sessao-solene-de-posse-da-nova-mesa-diretora\/\">C\u00e2mara Municipal de Materl\u00e2ndia realiza Sess\u00e3o Solene de Posse da Nova Mesa Diretora<\/a><div class=\"wp-block-latest-posts__post-author\">por C\u00e2mara<\/div><time datetime=\"2025-08-04T11:45:17-03:00\" class=\"wp-block-latest-posts__post-date\">agosto 4, 2025<\/time><div class=\"wp-block-latest-posts__post-excerpt\">Sess\u00e3o Solene na C\u00e2mara de Materl\u00e2ndia! No pr\u00f3ximo dia 05 de agosto de 2025, a C\u00e2mara\u2026 <a class=\"wp-block-latest-posts__read-more\" href=\"https:\/\/materlandia.mg.leg.br\/index.php\/2025\/08\/04\/camara-municipal-de-materlandia-realiza-sessao-solene-de-posse-da-nova-mesa-diretora\/\" rel=\"noopener noreferrer\">Leia mais<span class=\"screen-reader-text\">: C\u00e2mara Municipal de Materl\u00e2ndia realiza Sess\u00e3o Solene de Posse da Nova Mesa Diretora<\/span><\/a><\/div><\/li>\n<li><a class=\"wp-block-latest-posts__post-title\" href=\"https:\/\/materlandia.mg.leg.br\/index.php\/2025\/08\/04\/camara-municipal-de-materlandia-realiza-sessao-solene-de-assuncao-da-nova-mesa-diretora\/\">C\u00e2mara Municipal de Materl\u00e2ndia realiza Sess\u00e3o Solene de Assun\u00e7\u00e3o da Nova Mesa Diretora<\/a><div class=\"wp-block-latest-posts__post-author\">por C\u00e2mara<\/div><time datetime=\"2025-08-04T11:42:26-03:00\" class=\"wp-block-latest-posts__post-date\">agosto 4, 2025<\/time><div class=\"wp-block-latest-posts__post-excerpt\">A C\u00e2mara Municipal de Materl\u00e2ndia realizar\u00e1 no dia 05 de agosto de 2025, \u00e0s 11h, no\u2026 <a class=\"wp-block-latest-posts__read-more\" href=\"https:\/\/materlandia.mg.leg.br\/index.php\/2025\/08\/04\/camara-municipal-de-materlandia-realiza-sessao-solene-de-assuncao-da-nova-mesa-diretora\/\" rel=\"noopener noreferrer\">Leia mais<span class=\"screen-reader-text\">: C\u00e2mara Municipal de Materl\u00e2ndia realiza Sess\u00e3o Solene de Assun\u00e7\u00e3o da Nova Mesa Diretora<\/span><\/a><\/div><\/li>\n<li><a class=\"wp-block-latest-posts__post-title\" href=\"https:\/\/materlandia.mg.leg.br\/index.php\/2025\/07\/14\/1388\/\">C\u00e2mara Municipal de Materl\u00e2ndia Anuncia Dispensa de Licita\u00e7\u00e3o para Aquisi\u00e7\u00e3o de Suprimentos Essenciais em n\u00ba-06\/2025<\/a><div class=\"wp-block-latest-posts__post-author\">por C\u00e2mara<\/div><time datetime=\"2025-07-14T13:00:00-03:00\" class=\"wp-block-latest-posts__post-date\">julho 14, 2025<\/time><div class=\"wp-block-latest-posts__post-excerpt\">Materl\u00e2ndia, Minas Gerais \u2013 A C\u00e2mara Municipal de Materl\u00e2ndia, em conformidade com a Lei Federal n\u00ba\u2026 <a class=\"wp-block-latest-posts__read-more\" href=\"https:\/\/materlandia.mg.leg.br\/index.php\/2025\/07\/14\/1388\/\" rel=\"noopener noreferrer\">Leia mais<span class=\"screen-reader-text\">: C\u00e2mara Municipal de Materl\u00e2ndia Anuncia Dispensa de Licita\u00e7\u00e3o para Aquisi\u00e7\u00e3o de Suprimentos Essenciais em n\u00ba-06\/2025<\/span><\/a><\/div><\/li>\n<li><a class=\"wp-block-latest-posts__post-title\" href=\"https:\/\/materlandia.mg.leg.br\/index.php\/2025\/04\/16\/camara-municipal-de-materlandia-decreta-ponto-facultativo-no-dia-17-de-abril\/\">C\u00e2mara Municipal de Materl\u00e2ndia decreta ponto facultativo no dia 17 de abril<\/a><div class=\"wp-block-latest-posts__post-author\">por C\u00e2mara<\/div><time datetime=\"2025-04-16T13:54:51-03:00\" class=\"wp-block-latest-posts__post-date\">abril 16, 2025<\/time><div class=\"wp-block-latest-posts__post-excerpt\">A C\u00e2mara Municipal de Materl\u00e2ndia publicou nesta quarta-feira (16\/04) a Portaria n\u00ba 11\/2025, estabelecendo ponto facultativo\u2026 <a class=\"wp-block-latest-posts__read-more\" href=\"https:\/\/materlandia.mg.leg.br\/index.php\/2025\/04\/16\/camara-municipal-de-materlandia-decreta-ponto-facultativo-no-dia-17-de-abril\/\" rel=\"noopener noreferrer\">Leia mais<span class=\"screen-reader-text\">: C\u00e2mara Municipal de Materl\u00e2ndia decreta ponto facultativo no dia 17 de abril<\/span><\/a><\/div><\/li>\n<li><a class=\"wp-block-latest-posts__post-title\" href=\"https:\/\/materlandia.mg.leg.br\/index.php\/2025\/04\/01\/edital-de-convocacao-para-reuniao-extraordinaria\/\">EDITAL DE CONVOCA\u00c7\u00c3O PARA REUNI\u00c3O EXTRAORDIN\u00c1RIA<\/a><div class=\"wp-block-latest-posts__post-author\">por C\u00e2mara<\/div><time datetime=\"2025-04-01T15:11:19-03:00\" class=\"wp-block-latest-posts__post-date\">abril 1, 2025<\/time><div class=\"wp-block-latest-posts__post-excerpt\">A C\u00c2MARA MUNICIPAL DE MATERL\u00c2NDIA, Estado de Minas Gerais, por sua MESADIRETORA, representada pelo Senhor Presidente,\u2026 <a class=\"wp-block-latest-posts__read-more\" href=\"https:\/\/materlandia.mg.leg.br\/index.php\/2025\/04\/01\/edital-de-convocacao-para-reuniao-extraordinaria\/\" rel=\"noopener noreferrer\">Leia mais<span class=\"screen-reader-text\">: EDITAL DE CONVOCA\u00c7\u00c3O PARA REUNI\u00c3O EXTRAORDIN\u00c1RIA<\/span><\/a><\/div><\/li>\n<li><a class=\"wp-block-latest-posts__post-title\" href=\"https:\/\/materlandia.mg.leg.br\/index.php\/2025\/03\/28\/requerimento-de-atribuicao-de-efeito-suspensivo\/\">Requerimento de Atribui\u00e7\u00e3o de Efeito Suspensivo<\/a><div class=\"wp-block-latest-posts__post-author\">por C\u00e2mara<\/div><time datetime=\"2025-03-28T09:37:32-03:00\" class=\"wp-block-latest-posts__post-date\">mar\u00e7o 28, 2025<\/time><div class=\"wp-block-latest-posts__post-excerpt\">DECIS\u00c3O MONOCR\u00c1TICA Vistos.Trata-se de \u201cRequerimento de Atribui\u00e7\u00e3o de Efeito Suspensivo\u201d proposto por Juscelino Ara\u00fajo de Carvalho,\u2026 <a class=\"wp-block-latest-posts__read-more\" href=\"https:\/\/materlandia.mg.leg.br\/index.php\/2025\/03\/28\/requerimento-de-atribuicao-de-efeito-suspensivo\/\" rel=\"noopener noreferrer\">Leia mais<span class=\"screen-reader-text\">: Requerimento de Atribui\u00e7\u00e3o de Efeito Suspensivo<\/span><\/a><\/div><\/li>\n<li><a class=\"wp-block-latest-posts__post-title\" href=\"https:\/\/materlandia.mg.leg.br\/index.php\/2025\/02\/07\/atencao-materlandia-novas-propostas-de-lei-em-discussao-na-proxima-reuniao\/\">Aten\u00e7\u00e3o, Materl\u00e2ndia! Novas Propostas de Lei em Discuss\u00e3o na Pr\u00f3xima Reuni\u00e3o!<\/a><div class=\"wp-block-latest-posts__post-author\">por codesdevs<\/div><time datetime=\"2025-02-07T15:21:43-03:00\" class=\"wp-block-latest-posts__post-date\">fevereiro 7, 2025<\/time><div class=\"wp-block-latest-posts__post-excerpt\">A C\u00e2mara Municipal de Materl\u00e2ndia informa que j\u00e1 est\u00e3o dispon\u00edveis para consulta p\u00fablica os projetos de\u2026 <a class=\"wp-block-latest-posts__read-more\" href=\"https:\/\/materlandia.mg.leg.br\/index.php\/2025\/02\/07\/atencao-materlandia-novas-propostas-de-lei-em-discussao-na-proxima-reuniao\/\" rel=\"noopener noreferrer\">Leia mais<span class=\"screen-reader-text\">: Aten\u00e7\u00e3o, Materl\u00e2ndia! Novas Propostas de Lei em Discuss\u00e3o na Pr\u00f3xima Reuni\u00e3o!<\/span><\/a><\/div><\/li>\n<li><a class=\"wp-block-latest-posts__post-title\" href=\"https:\/\/materlandia.mg.leg.br\/index.php\/2025\/02\/06\/processo-administrativo-no-05-2025\/\">Processo Administrativo N\u00ba 05\/2025<\/a><div class=\"wp-block-latest-posts__post-author\">por codesdevs<\/div><time datetime=\"2025-02-06T13:00:00-03:00\" class=\"wp-block-latest-posts__post-date\">fevereiro 6, 2025<\/time><div class=\"wp-block-latest-posts__post-excerpt\">Dispensa Eletr\u00f4nica N\u00ba 05\/2025 A C\u00e2mara Municipal de Material\u00e2ndia, Minas Gerais, publicou um edital para a\u2026 <a class=\"wp-block-latest-posts__read-more\" href=\"https:\/\/materlandia.mg.leg.br\/index.php\/2025\/02\/06\/processo-administrativo-no-05-2025\/\" rel=\"noopener noreferrer\">Leia mais<span class=\"screen-reader-text\">: Processo Administrativo N\u00ba 05\/2025<\/span><\/a><\/div><\/li>\n<li><a class=\"wp-block-latest-posts__post-title\" href=\"https:\/\/materlandia.mg.leg.br\/index.php\/2024\/12\/24\/dispensa-de-licitacao-no-103-2024\/\">DISPENSA DE LICITA\u00c7\u00c3O N\u00ba 103\/2024<\/a><div class=\"wp-block-latest-posts__post-author\">por C\u00e2mara<\/div><time datetime=\"2024-12-24T08:15:00-03:00\" class=\"wp-block-latest-posts__post-date\">dezembro 24, 2024<\/time><div class=\"wp-block-latest-posts__post-excerpt\">OBJETO: Aquisi\u00e7\u00e3o de longarinas para a C\u00e2mara Municipal de Materl\u00e2ndia. A C\u00c2MARA MUNICIPAL DE MATERL\u00c2NDIA, ESTADO\u2026 <a class=\"wp-block-latest-posts__read-more\" href=\"https:\/\/materlandia.mg.leg.br\/index.php\/2024\/12\/24\/dispensa-de-licitacao-no-103-2024\/\" rel=\"noopener noreferrer\">Leia mais<span class=\"screen-reader-text\">: DISPENSA DE LICITA\u00c7\u00c3O N\u00ba 103\/2024<\/span><\/a><\/div><\/li>\n<li><a class=\"wp-block-latest-posts__post-title\" href=\"https:\/\/materlandia.mg.leg.br\/index.php\/2024\/12\/20\/encerramento-reunioes-ordinarias2024\/\">Encerramento Reuni\u00f5es Ordin\u00e1rias 2024<\/a><div class=\"wp-block-latest-posts__post-author\">por codesdevs<\/div><time datetime=\"2024-12-20T13:47:59-03:00\" class=\"wp-block-latest-posts__post-date\">dezembro 20, 2024<\/time><div class=\"wp-block-latest-posts__post-excerpt\">A C\u00e2mara Municipal de Materl\u00e2ndia encerrou suas reuni\u00f5es ordin\u00e1rias como \u00e9 regularmente feito, estavam presentes os\u2026 <a class=\"wp-block-latest-posts__read-more\" href=\"https:\/\/materlandia.mg.leg.br\/index.php\/2024\/12\/20\/encerramento-reunioes-ordinarias2024\/\" rel=\"noopener noreferrer\">Leia mais<span class=\"screen-reader-text\">: Encerramento Reuni\u00f5es Ordin\u00e1rias 2024<\/span><\/a><\/div><\/li>\n<\/ul><\/div>\n<\/div>\n","protected":false},"excerpt":{"rendered":"","protected":false},"author":1,"featured_media":0,"parent":0,"menu_order":0,"comment_status":"closed","ping_status":"closed","template":"templates\/template-full-width.php","meta":{"footnotes":""},"class_list":["post-320","page","type-page","status-publish","hentry"],"_links":{"self":[{"href":"https:\/\/materlandia.mg.leg.br\/index.php\/wp-json\/wp\/v2\/pages\/320","targetHints":{"allow":["GET"]}}],"collection":[{"href":"https:\/\/materlandia.mg.leg.br\/index.php\/wp-json\/wp\/v2\/pages"}],"about":[{"href":"https:\/\/materlandia.mg.leg.br\/index.php\/wp-json\/wp\/v2\/types\/page"}],"author":[{"embeddable":true,"href":"https:\/\/materlandia.mg.leg.br\/index.php\/wp-json\/wp\/v2\/users\/1"}],"replies":[{"embeddable":true,"href":"https:\/\/materlandia.mg.leg.br\/index.php\/wp-json\/wp\/v2\/comments?post=320"}],"version-history":[{"count":16,"href":"https:\/\/materlandia.mg.leg.br\/index.php\/wp-json\/wp\/v2\/pages\/320\/revisions"}],"predecessor-version":[{"id":468,"href":"https:\/\/materlandia.mg.leg.br\/index.php\/wp-json\/wp\/v2\/pages\/320\/revisions\/468"}],"wp:attachment":[{"href":"https:\/\/materlandia.mg.leg.br\/index.php\/wp-json\/wp\/v2\/media?parent=320"}],"curies":[{"name":"wp","href":"https:\/\/api.w.org\/{rel}","templated":true}]}}