{"id":5,"date":"2022-07-26T20:20:39","date_gmt":"2022-07-26T23:20:39","guid":{"rendered":"https:\/\/materlandia.mg.leg.br\/?page_id=5"},"modified":"2025-07-03T14:08:30","modified_gmt":"2025-07-03T17:08:30","slug":"index","status":"publish","type":"page","link":"https:\/\/materlandia.mg.leg.br\/","title":{"rendered":"C\u00e2mara Municipal de Materl\u00e2ndia &#8211; MG"},"content":{"rendered":"\n<div class=\"wp-block-columns alignwide shadow-lg is-layout-flex wp-container-core-columns-is-layout-9d6595d7 wp-block-columns-is-layout-flex\">\n<div class=\"wp-block-column is-layout-flow wp-block-column-is-layout-flow\" style=\"flex-basis:66.68%\">\n<h2 class=\"wp-block-heading has-text-align-center\" style=\"font-size:36px\"><strong>Ultimas Not\u00edcias<\/strong><\/h2>\n\n\n<ul class=\"wp-block-latest-posts__list is-grid columns-3 has-dates has-author p-4 noticias wp-block-latest-posts\"><li><a class=\"wp-block-latest-posts__post-title\" href=\"https:\/\/materlandia.mg.leg.br\/index.php\/2026\/04\/11\/camara-de-materlandia-abre-processo-para-aquisicao-de-materiais-de-escritorio-para-2026\/\">C\u00e2mara de Materl\u00e2ndia abre processo para aquisi\u00e7\u00e3o de materiais de escrit\u00f3rio para 2026<\/a><div class=\"wp-block-latest-posts__post-author\">por C\u00e2mara<\/div><time datetime=\"2026-04-11T14:02:00-03:00\" class=\"wp-block-latest-posts__post-date\">abril 11, 2026<\/time><div class=\"wp-block-latest-posts__post-excerpt\">A C\u00e2mara Municipal de Materl\u00e2ndia tornou p\u00fablico o Aviso de Dispensa de Licita\u00e7\u00e3o\u2026 <a class=\"wp-block-latest-posts__read-more\" href=\"https:\/\/materlandia.mg.leg.br\/index.php\/2026\/04\/11\/camara-de-materlandia-abre-processo-para-aquisicao-de-materiais-de-escritorio-para-2026\/\" rel=\"noopener noreferrer\">Leia mais<span class=\"screen-reader-text\">: C\u00e2mara de Materl\u00e2ndia abre processo para aquisi\u00e7\u00e3o de materiais de escrit\u00f3rio para 2026<\/span><\/a><\/div><\/li>\n<li><a class=\"wp-block-latest-posts__post-title\" href=\"https:\/\/materlandia.mg.leg.br\/index.php\/2026\/03\/18\/pesquisa-de-preco\/\">PESQUISA DE PRE\u00c7O<\/a><div class=\"wp-block-latest-posts__post-author\">por C\u00e2mara<\/div><time datetime=\"2026-03-18T17:01:00-03:00\" class=\"wp-block-latest-posts__post-date\">mar\u00e7o 18, 2026<\/time><div class=\"wp-block-latest-posts__post-excerpt\">C\u00c2MARA MUNICIPAL DE MATERL\u00c2NDIA \u2013 MG SOLICITA\u00c7\u00c3O DE PESQUISA DE PRE\u00c7OS N\u00ba ___\/2026\u2026 <a class=\"wp-block-latest-posts__read-more\" href=\"https:\/\/materlandia.mg.leg.br\/index.php\/2026\/03\/18\/pesquisa-de-preco\/\" rel=\"noopener noreferrer\">Leia mais<span class=\"screen-reader-text\">: PESQUISA DE PRE\u00c7O<\/span><\/a><\/div><\/li>\n<li><a class=\"wp-block-latest-posts__post-title\" href=\"https:\/\/materlandia.mg.leg.br\/index.php\/2025\/12\/04\/camara-municipal-de-materlandia-retifica-cronograma-de-dispensa-de-licitacao\/\">C\u00e2mara Municipal de Materl\u00e2ndia Retifica Cronograma de Dispensa de Licita\u00e7\u00e3o<\/a><div class=\"wp-block-latest-posts__post-author\">por C\u00e2mara<\/div><time datetime=\"2025-12-04T21:17:38-03:00\" class=\"wp-block-latest-posts__post-date\">dezembro 4, 2025<\/time><div class=\"wp-block-latest-posts__post-excerpt\">MATERL\u00c2NDIA, MG \u2013 O Presidente da C\u00e2mara Municipal de Materl\u00e2ndia publicou uma retifica\u00e7\u00e3o\u2026 <a class=\"wp-block-latest-posts__read-more\" href=\"https:\/\/materlandia.mg.leg.br\/index.php\/2025\/12\/04\/camara-municipal-de-materlandia-retifica-cronograma-de-dispensa-de-licitacao\/\" rel=\"noopener noreferrer\">Leia mais<span class=\"screen-reader-text\">: C\u00e2mara Municipal de Materl\u00e2ndia Retifica Cronograma de Dispensa de Licita\u00e7\u00e3o<\/span><\/a><\/div><\/li>\n<li><a class=\"wp-block-latest-posts__post-title\" href=\"https:\/\/materlandia.mg.leg.br\/index.php\/2025\/12\/02\/camara-municipal-de-materlandia-inicia-processo-de-dispensa-de-licitacao-para-manutencao-de-seguranca-no-15-2025\/\">C\u00e2mara Municipal de Materl\u00e2ndia Inicia Processo de Dispensa de Licita\u00e7\u00e3o para Manuten\u00e7\u00e3o de Seguran\u00e7a N\u00ba 15\/2025<\/a><div class=\"wp-block-latest-posts__post-author\">por C\u00e2mara<\/div><time datetime=\"2025-12-02T15:55:07-03:00\" class=\"wp-block-latest-posts__post-date\">dezembro 2, 2025<\/time><div class=\"wp-block-latest-posts__post-excerpt\">MATERL\u00c2NDIA, MG \u2013 A C\u00e2mara Municipal de Materl\u00e2ndia tornou p\u00fablico o aviso de\u2026 <a class=\"wp-block-latest-posts__read-more\" href=\"https:\/\/materlandia.mg.leg.br\/index.php\/2025\/12\/02\/camara-municipal-de-materlandia-inicia-processo-de-dispensa-de-licitacao-para-manutencao-de-seguranca-no-15-2025\/\" rel=\"noopener noreferrer\">Leia mais<span class=\"screen-reader-text\">: C\u00e2mara Municipal de Materl\u00e2ndia Inicia Processo de Dispensa de Licita\u00e7\u00e3o para Manuten\u00e7\u00e3o de Seguran\u00e7a N\u00ba 15\/2025<\/span><\/a><\/div><\/li>\n<li><a class=\"wp-block-latest-posts__post-title\" href=\"https:\/\/materlandia.mg.leg.br\/index.php\/2025\/10\/20\/camara-municipal-de-materlandia-abre-processo-para-manutencao-e-pequenos-reparos-na-sede\/\">C\u00e2mara Municipal de Materl\u00e2ndia abre processo para manuten\u00e7\u00e3o e pequenos reparos na sede<\/a><div class=\"wp-block-latest-posts__post-author\">por C\u00e2mara<\/div><time datetime=\"2025-10-20T13:52:44-03:00\" class=\"wp-block-latest-posts__post-date\">outubro 20, 2025<\/time><div class=\"wp-block-latest-posts__post-excerpt\">Materl\u00e2ndia, 20 de outubro de 2025 \u2014 A C\u00e2mara Municipal de Materl\u00e2ndia anunciou\u2026 <a class=\"wp-block-latest-posts__read-more\" href=\"https:\/\/materlandia.mg.leg.br\/index.php\/2025\/10\/20\/camara-municipal-de-materlandia-abre-processo-para-manutencao-e-pequenos-reparos-na-sede\/\" rel=\"noopener noreferrer\">Leia mais<span class=\"screen-reader-text\">: C\u00e2mara Municipal de Materl\u00e2ndia abre processo para manuten\u00e7\u00e3o e pequenos reparos na sede<\/span><\/a><\/div><\/li>\n<li><a class=\"wp-block-latest-posts__post-title\" href=\"https:\/\/materlandia.mg.leg.br\/index.php\/2025\/10\/14\/audiencia-publica-2025\/\">Audi\u00eancia P\u00fablica 2025<\/a><div class=\"wp-block-latest-posts__post-author\">por C\u00e2mara<\/div><time datetime=\"2025-10-14T13:49:51-03:00\" class=\"wp-block-latest-posts__post-date\">outubro 14, 2025<\/time><div class=\"wp-block-latest-posts__post-excerpt\">\ud83d\udcc5 20\/10 (Segunda-feira), \u00e0s 14h\ud83d\udccd Plen\u00e1rio da C\u00e2mara Municipal de Materl\u00e2ndia Tema: Lei\u2026 <a class=\"wp-block-latest-posts__read-more\" href=\"https:\/\/materlandia.mg.leg.br\/index.php\/2025\/10\/14\/audiencia-publica-2025\/\" rel=\"noopener noreferrer\">Leia mais<span class=\"screen-reader-text\">: Audi\u00eancia P\u00fablica 2025<\/span><\/a><\/div><\/li>\n<\/ul><\/div>\n\n\n\n<div class=\"wp-block-column is-vertically-aligned-center transparencia p-5 is-layout-flow wp-block-column-is-layout-flow\" style=\"flex-basis:33.32%\">\n<h4 class=\"wp-block-heading has-text-align-center has-normal-font-size\">Categoria de noticias:<\/h4>\n\n\n<ul class=\"wp-block-categories-list aligncenter wp-block-categories\">\t<li class=\"cat-item cat-item-1\"><a href=\"https:\/\/materlandia.mg.leg.br\/index.php\/category\/noticias\/\">Not\u00edcias<\/a> (173)\n<ul class='children'>\n\t<li class=\"cat-item cat-item-10\"><a href=\"https:\/\/materlandia.mg.leg.br\/index.php\/category\/noticias\/contratos\/\">Contratos<\/a> (1)\n<\/li>\n\t<li class=\"cat-item cat-item-7\"><a href=\"https:\/\/materlandia.mg.leg.br\/index.php\/category\/noticias\/licitacoes\/\">Licita\u00e7\u00f5es<\/a> (67)\n<\/li>\n\t<li class=\"cat-item cat-item-8\"><a href=\"https:\/\/materlandia.mg.leg.br\/index.php\/category\/noticias\/processo-seletivo\/\">Processo Seletivos.<\/a> (6)\n<\/li>\n<\/ul>\n<\/li>\n<\/ul>\n\n\n<div style=\"height:52px\" aria-hidden=\"true\" class=\"wp-block-spacer\"><\/div>\n\n\n<div class=\"wp-block-image\">\n<figure class=\"aligncenter size-full is-resized\"><a href=\"https:\/\/contasabertas.inf.br\/entidade\/cm-materlandia\/\"><img loading=\"lazy\" decoding=\"async\" width=\"615\" height=\"233\" src=\"https:\/\/materlandia.mg.leg.br\/wp-content\/uploads\/2022\/07\/transparencia.jpg\" alt=\"\" class=\"wp-image-138\" style=\"width:384px;height:146px\"\/><\/a><figcaption class=\"wp-element-caption\"><strong><a href=\"https:\/\/contasabertas.inf.br\/entidade\/cm-materlandia\/\" target=\"_blank\" rel=\"noreferrer noopener\">Nesta \u00e1rea, voc\u00ea pode acompanhar relat\u00f3rios de gest\u00e3o e demais itens de transpar\u00eancia da C\u00e2mara Municipal de Materl\u00e2ndia-MG.<\/a><\/strong><\/figcaption><\/figure>\n<\/div>\n\n\n<div class=\"wp-block-buttons mt-0 is-content-justification-center is-layout-flex wp-container-core-buttons-is-layout-16018d1d wp-block-buttons-is-layout-flex\">\n<div class=\"wp-block-button\"><a class=\"wp-block-button__link has-custom-font-size wp-element-button\" href=\"https:\/\/materlandia.mg.leg.br\/index.php\/portal-da-transparencia\/\" style=\"border-radius:100px;font-size:10px\" target=\"_blank\" rel=\"noreferrer noopener\">acessar<\/a><\/div>\n<\/div>\n<\/div>\n<\/div>\n\n\n\n<div style=\"height:100px\" aria-hidden=\"true\" class=\"wp-block-spacer\"><\/div>\n\n\n\n<div class=\"wp-block-cover alignfull is-light has-parallax bemvindo\" style=\"min-height:700px;aspect-ratio:unset;\"><div class=\"wp-block-cover__image-background wp-image-253 has-parallax\" style=\"background-position:50% 50%;background-image:url(https:\/\/materlandia.mg.leg.br\/wp-content\/uploads\/2022\/07\/Sem-titulo.jpg)\"><\/div><span aria-hidden=\"true\" class=\"wp-block-cover__background has-background-dim\" style=\"background-color:#004fcd\"><\/span><div class=\"wp-block-cover__inner-container is-layout-flow wp-block-cover-is-layout-flow\">\n<h2 class=\"wp-block-heading has-text-align-center has-background-color has-text-color\" style=\"font-size:48px\">Seja Bem Vindo<\/h2>\n\n\n\n<p class=\"has-text-align-center has-background-color has-text-color\" style=\"font-size:24px\">A C\u00e2mara Municipal de Materl\u00e2ndia apresenta seu novo Portal, em atendimento \u00e0 Lei Complementar 131\/2009 de 27 de maio de 2009 e \u00e0 Lei 12.527, chamada de &#8220;Lei de Acesso \u00e0 Informa\u00e7\u00e3o&#8221; sancionada pela Presidenta da Rep\u00fablica em 18\/11\/2011, que tem o prop\u00f3sito de regulamentar o direito constitucional de acesso dos cidad\u00e3os \u00e0s informa\u00e7\u00f5es p\u00fablicas.<\/p>\n\n\n\n<p class=\"has-text-align-center has-background-color has-text-color\" style=\"font-size:24px\">Por este canal o cidad\u00e3o poder\u00e1 acompanhar de forma din\u00e2mica a aplica\u00e7\u00e3o dos recursos p\u00fablicos da C\u00e2mara, compreendendo as receitas transferidas e a execu\u00e7\u00e3o das despesas, sendo oferecidas outras informa\u00e7\u00f5es de interesse do cidad\u00e3o, tais como projetos dos vereadores, pauta parlamentar e andamento de contratos e relat\u00f3rios exigidos pela lei de responsabilidade fiscal.<\/p>\n<\/div><\/div>\n\n\n\n<div style=\"height:82px\" aria-hidden=\"true\" class=\"wp-block-spacer\"><\/div>\n\n\n\n<h2 class=\"wp-block-heading alignwide has-text-align-center\">Conhe\u00e7a os Parlamentares<\/h2>\n\n\n\n<p class=\"has-text-align-center\">Legislatura 2025\/2028.<\/p>\n\n\n\n<div class=\"wp-block-columns alignwide is-layout-flex wp-container-core-columns-is-layout-9d6595d7 wp-block-columns-is-layout-flex\">\n<div class=\"wp-block-column shadow is-layout-flow wp-block-column-is-layout-flow\"><div class=\"wp-block-image is-resized is-style-default\">\n<figure class=\"aligncenter size-large\"><img loading=\"lazy\" decoding=\"async\" width=\"1024\" height=\"1024\" src=\"https:\/\/materlandia.mg.leg.br\/wp-content\/uploads\/2025\/07\/sem-foto-1024x1024.webp\" alt=\"\" class=\"wp-image-1374\" srcset=\"https:\/\/materlandia.mg.leg.br\/wp-content\/uploads\/2025\/07\/sem-foto-1024x1024.webp 1024w, https:\/\/materlandia.mg.leg.br\/wp-content\/uploads\/2025\/07\/sem-foto-300x300.webp 300w, https:\/\/materlandia.mg.leg.br\/wp-content\/uploads\/2025\/07\/sem-foto-150x150.webp 150w, https:\/\/materlandia.mg.leg.br\/wp-content\/uploads\/2025\/07\/sem-foto-768x768.webp 768w, https:\/\/materlandia.mg.leg.br\/wp-content\/uploads\/2025\/07\/sem-foto.webp 1052w\" sizes=\"auto, (max-width: 1024px) 100vw, 1024px\" \/><figcaption class=\"wp-element-caption\">Teco de Efig\u00eanio<br>AVANTE<\/figcaption><\/figure>\n<\/div><\/div>\n\n\n\n<div class=\"wp-block-column shadow is-layout-flow wp-block-column-is-layout-flow\"><div class=\"wp-block-image is-resized is-style-default\">\n<figure class=\"aligncenter size-large\"><a href=\"https:\/\/materlandia.mg.leg.br\/index.php\/index\/sem-foto-2\/\" target=\"_blank\" rel=\"noreferrer noopener\"><img loading=\"lazy\" decoding=\"async\" width=\"1024\" height=\"1024\" src=\"https:\/\/materlandia.mg.leg.br\/wp-content\/uploads\/2025\/07\/sem-foto-1-1024x1024.webp\" alt=\"\" class=\"wp-image-1375\" srcset=\"https:\/\/materlandia.mg.leg.br\/wp-content\/uploads\/2025\/07\/sem-foto-1-1024x1024.webp 1024w, https:\/\/materlandia.mg.leg.br\/wp-content\/uploads\/2025\/07\/sem-foto-1-300x300.webp 300w, https:\/\/materlandia.mg.leg.br\/wp-content\/uploads\/2025\/07\/sem-foto-1-150x150.webp 150w, https:\/\/materlandia.mg.leg.br\/wp-content\/uploads\/2025\/07\/sem-foto-1-768x768.webp 768w, https:\/\/materlandia.mg.leg.br\/wp-content\/uploads\/2025\/07\/sem-foto-1.webp 1052w\" sizes=\"auto, (max-width: 1024px) 100vw, 1024px\" \/><\/a><figcaption class=\"wp-element-caption\">Zinha Maia<br>PSDB<\/figcaption><\/figure>\n<\/div><\/div>\n\n\n\n<div class=\"wp-block-column shadow is-layout-flow wp-block-column-is-layout-flow\"><div class=\"wp-block-image is-resized is-style-default\">\n<figure class=\"aligncenter size-large\"><img loading=\"lazy\" decoding=\"async\" width=\"1024\" height=\"1024\" src=\"https:\/\/materlandia.mg.leg.br\/wp-content\/uploads\/2025\/07\/sem-foto-2-1024x1024.webp\" alt=\"\" class=\"wp-image-1376\" srcset=\"https:\/\/materlandia.mg.leg.br\/wp-content\/uploads\/2025\/07\/sem-foto-2-1024x1024.webp 1024w, https:\/\/materlandia.mg.leg.br\/wp-content\/uploads\/2025\/07\/sem-foto-2-300x300.webp 300w, https:\/\/materlandia.mg.leg.br\/wp-content\/uploads\/2025\/07\/sem-foto-2-150x150.webp 150w, https:\/\/materlandia.mg.leg.br\/wp-content\/uploads\/2025\/07\/sem-foto-2-768x768.webp 768w, https:\/\/materlandia.mg.leg.br\/wp-content\/uploads\/2025\/07\/sem-foto-2.webp 1052w\" sizes=\"auto, (max-width: 1024px) 100vw, 1024px\" \/><figcaption class=\"wp-element-caption\">Lucio Roxo<br>MOBILIZA<\/figcaption><\/figure>\n<\/div><\/div>\n<\/div>\n\n\n\n<div class=\"wp-block-columns alignwide is-layout-flex wp-container-core-columns-is-layout-9d6595d7 wp-block-columns-is-layout-flex\">\n<div class=\"wp-block-column shadow is-layout-flow wp-block-column-is-layout-flow\"><div class=\"wp-block-image is-resized is-style-default\">\n<figure class=\"aligncenter size-full\"><a href=\"https:\/\/materlandia.mg.leg.br\/index.php\/582-2\/\"><img loading=\"lazy\" decoding=\"async\" width=\"345\" height=\"500\" src=\"https:\/\/materlandia.mg.leg.br\/wp-content\/uploads\/2023\/10\/Imagem-do-WhatsApp-de-2023-10-13-as-19.54.51_5a294970.jpg\" alt=\"\" class=\"wp-image-834\"\/><\/a><figcaption class=\"wp-element-caption\">GAUD\u00caNCIO VENTURA DA CRUZ<br>PDT<br><\/figcaption><\/figure>\n<\/div><\/div>\n\n\n\n<div class=\"wp-block-column shadow is-layout-flow wp-block-column-is-layout-flow\"><div class=\"wp-block-image is-resized is-style-default\">\n<figure class=\"aligncenter size-large\"><img loading=\"lazy\" decoding=\"async\" width=\"1024\" height=\"1024\" src=\"https:\/\/materlandia.mg.leg.br\/wp-content\/uploads\/2025\/07\/sem-foto-3-1024x1024.webp\" alt=\"\" class=\"wp-image-1378\" srcset=\"https:\/\/materlandia.mg.leg.br\/wp-content\/uploads\/2025\/07\/sem-foto-3-1024x1024.webp 1024w, https:\/\/materlandia.mg.leg.br\/wp-content\/uploads\/2025\/07\/sem-foto-3-300x300.webp 300w, https:\/\/materlandia.mg.leg.br\/wp-content\/uploads\/2025\/07\/sem-foto-3-150x150.webp 150w, https:\/\/materlandia.mg.leg.br\/wp-content\/uploads\/2025\/07\/sem-foto-3-768x768.webp 768w, https:\/\/materlandia.mg.leg.br\/wp-content\/uploads\/2025\/07\/sem-foto-3.webp 1052w\" sizes=\"auto, (max-width: 1024px) 100vw, 1024px\" \/><figcaption class=\"wp-element-caption\">Alcides Fonseca<br>PT<br><\/figcaption><\/figure>\n<\/div><\/div>\n\n\n\n<div class=\"wp-block-column shadow is-layout-flow wp-block-column-is-layout-flow\"><div class=\"wp-block-image is-resized is-style-default\">\n<figure class=\"aligncenter size-full\"><img loading=\"lazy\" decoding=\"async\" width=\"1052\" height=\"1052\" src=\"https:\/\/materlandia.mg.leg.br\/wp-content\/uploads\/2025\/07\/sem-foto-4.webp\" alt=\"\" class=\"wp-image-1379\" srcset=\"https:\/\/materlandia.mg.leg.br\/wp-content\/uploads\/2025\/07\/sem-foto-4.webp 1052w, https:\/\/materlandia.mg.leg.br\/wp-content\/uploads\/2025\/07\/sem-foto-4-300x300.webp 300w, https:\/\/materlandia.mg.leg.br\/wp-content\/uploads\/2025\/07\/sem-foto-4-1024x1024.webp 1024w, https:\/\/materlandia.mg.leg.br\/wp-content\/uploads\/2025\/07\/sem-foto-4-150x150.webp 150w, https:\/\/materlandia.mg.leg.br\/wp-content\/uploads\/2025\/07\/sem-foto-4-768x768.webp 768w\" sizes=\"auto, (max-width: 1052px) 100vw, 1052px\" \/><figcaption class=\"wp-element-caption\">Wilton<br>PDT<\/figcaption><\/figure>\n<\/div><\/div>\n<\/div>\n\n\n\n<div class=\"wp-block-columns alignwide is-layout-flex wp-container-core-columns-is-layout-9d6595d7 wp-block-columns-is-layout-flex\">\n<div class=\"wp-block-column shadow is-layout-flow wp-block-column-is-layout-flow\"><div class=\"wp-block-image is-resized is-style-default\">\n<figure class=\"aligncenter size-large\"><img loading=\"lazy\" decoding=\"async\" width=\"1024\" height=\"1024\" src=\"https:\/\/materlandia.mg.leg.br\/wp-content\/uploads\/2025\/07\/sem-foto-5-1024x1024.webp\" alt=\"\" class=\"wp-image-1383\" srcset=\"https:\/\/materlandia.mg.leg.br\/wp-content\/uploads\/2025\/07\/sem-foto-5-1024x1024.webp 1024w, https:\/\/materlandia.mg.leg.br\/wp-content\/uploads\/2025\/07\/sem-foto-5-300x300.webp 300w, https:\/\/materlandia.mg.leg.br\/wp-content\/uploads\/2025\/07\/sem-foto-5-150x150.webp 150w, https:\/\/materlandia.mg.leg.br\/wp-content\/uploads\/2025\/07\/sem-foto-5-768x768.webp 768w, https:\/\/materlandia.mg.leg.br\/wp-content\/uploads\/2025\/07\/sem-foto-5.webp 1052w\" sizes=\"auto, (max-width: 1024px) 100vw, 1024px\" \/><figcaption class=\"wp-element-caption\">Mary Miranda<br>MOBILIZA<\/figcaption><\/figure>\n<\/div><\/div>\n\n\n\n<div class=\"wp-block-column shadow is-layout-flow wp-block-column-is-layout-flow\"><div class=\"wp-block-image is-resized is-style-default\">\n<figure class=\"aligncenter size-full\"><img loading=\"lazy\" decoding=\"async\" width=\"1052\" height=\"1052\" src=\"https:\/\/materlandia.mg.leg.br\/wp-content\/uploads\/2025\/07\/sem-foto-6.webp\" alt=\"\" class=\"wp-image-1384\" srcset=\"https:\/\/materlandia.mg.leg.br\/wp-content\/uploads\/2025\/07\/sem-foto-6.webp 1052w, https:\/\/materlandia.mg.leg.br\/wp-content\/uploads\/2025\/07\/sem-foto-6-300x300.webp 300w, https:\/\/materlandia.mg.leg.br\/wp-content\/uploads\/2025\/07\/sem-foto-6-1024x1024.webp 1024w, https:\/\/materlandia.mg.leg.br\/wp-content\/uploads\/2025\/07\/sem-foto-6-150x150.webp 150w, https:\/\/materlandia.mg.leg.br\/wp-content\/uploads\/2025\/07\/sem-foto-6-768x768.webp 768w\" sizes=\"auto, (max-width: 1052px) 100vw, 1052px\" \/><figcaption class=\"wp-element-caption\">Juliano de Afonso<br>AVANTE<\/figcaption><\/figure>\n<\/div><\/div>\n\n\n\n<div class=\"wp-block-column shadow is-layout-flow wp-block-column-is-layout-flow\"><div class=\"wp-block-image is-resized is-style-default\">\n<figure class=\"aligncenter size-large\"><img loading=\"lazy\" decoding=\"async\" width=\"1024\" height=\"1024\" src=\"https:\/\/materlandia.mg.leg.br\/wp-content\/uploads\/2025\/07\/sem-foto-7-1024x1024.webp\" alt=\"\" class=\"wp-image-1385\" srcset=\"https:\/\/materlandia.mg.leg.br\/wp-content\/uploads\/2025\/07\/sem-foto-7-1024x1024.webp 1024w, https:\/\/materlandia.mg.leg.br\/wp-content\/uploads\/2025\/07\/sem-foto-7-300x300.webp 300w, https:\/\/materlandia.mg.leg.br\/wp-content\/uploads\/2025\/07\/sem-foto-7-150x150.webp 150w, https:\/\/materlandia.mg.leg.br\/wp-content\/uploads\/2025\/07\/sem-foto-7-768x768.webp 768w, https:\/\/materlandia.mg.leg.br\/wp-content\/uploads\/2025\/07\/sem-foto-7.webp 1052w\" sizes=\"auto, (max-width: 1024px) 100vw, 1024px\" \/><figcaption class=\"wp-element-caption\">Dinei do Buf\u00e3o<br>AVANTE<\/figcaption><\/figure>\n<\/div><\/div>\n<\/div>\n","protected":false},"excerpt":{"rendered":"<p>Ultimas Not\u00edcias Categoria de noticias: Conhe\u00e7a os Parlamentares Legislatura 2025\/2028.<\/p>\n","protected":false},"author":1,"featured_media":33,"parent":0,"menu_order":0,"comment_status":"closed","ping_status":"closed","template":"templates\/template-cover.php","meta":{"footnotes":""},"class_list":["post-5","page","type-page","status-publish","has-post-thumbnail","hentry"],"_links":{"self":[{"href":"https:\/\/materlandia.mg.leg.br\/index.php\/wp-json\/wp\/v2\/pages\/5","targetHints":{"allow":["GET"]}}],"collection":[{"href":"https:\/\/materlandia.mg.leg.br\/index.php\/wp-json\/wp\/v2\/pages"}],"about":[{"href":"https:\/\/materlandia.mg.leg.br\/index.php\/wp-json\/wp\/v2\/types\/page"}],"author":[{"embeddable":true,"href":"https:\/\/materlandia.mg.leg.br\/index.php\/wp-json\/wp\/v2\/users\/1"}],"replies":[{"embeddable":true,"href":"https:\/\/materlandia.mg.leg.br\/index.php\/wp-json\/wp\/v2\/comments?post=5"}],"version-history":[{"count":209,"href":"https:\/\/materlandia.mg.leg.br\/index.php\/wp-json\/wp\/v2\/pages\/5\/revisions"}],"predecessor-version":[{"id":1386,"href":"https:\/\/materlandia.mg.leg.br\/index.php\/wp-json\/wp\/v2\/pages\/5\/revisions\/1386"}],"wp:featuredmedia":[{"embeddable":true,"href":"https:\/\/materlandia.mg.leg.br\/index.php\/wp-json\/wp\/v2\/media\/33"}],"wp:attachment":[{"href":"https:\/\/materlandia.mg.leg.br\/index.php\/wp-json\/wp\/v2\/media?parent=5"}],"curies":[{"name":"wp","href":"https:\/\/api.w.org\/{rel}","templated":true}]}}